{"id":2034,"date":"2024-02-10T18:22:50","date_gmt":"2024-02-10T17:22:50","guid":{"rendered":"https:\/\/juslingua.ch.copernicus.sui-inter.net\/members-area\/"},"modified":"2024-04-22T14:36:59","modified_gmt":"2024-04-22T12:36:59","slug":"members-area","status":"publish","type":"page","link":"https:\/\/juslingua.ch\/en\/members-area\/","title":{"rendered":"Members area"},"content":{"rendered":"\t\t<div data-elementor-type=\"wp-page\" data-elementor-id=\"2034\" class=\"elementor elementor-2034 elementor-1508\" data-elementor-post-type=\"page\">\n\t\t\t\t<div class=\"elementor-element elementor-element-4b1b663 animated-slow e-flex e-con-boxed e-con e-parent\" data-id=\"4b1b663\" data-element_type=\"container\" data-e-type=\"container\" data-settings=\"{&quot;jet_parallax_layout_list&quot;:[],&quot;background_background&quot;:&quot;classic&quot;,&quot;animation&quot;:&quot;none&quot;,&quot;animation_delay&quot;:0.5}\">\n\t\t\t\t\t<div class=\"e-con-inner\">\n\t\t<div class=\"elementor-element elementor-element-096eecd e-con-full e-flex e-con e-child\" data-id=\"096eecd\" data-element_type=\"container\" data-e-type=\"container\" data-settings=\"{&quot;background_background&quot;:&quot;classic&quot;,&quot;jet_parallax_layout_list&quot;:[]}\">\n\t\t\t\t<div class=\"elementor-element elementor-element-5633dc8 elementor-widget elementor-widget-heading\" data-id=\"5633dc8\" data-element_type=\"widget\" data-e-type=\"widget\" data-widget_type=\"heading.default\">\n\t\t\t\t<div class=\"elementor-widget-container\">\n\t\t\t\t\t<h2 class=\"elementor-heading-title elementor-size-default\">Members area<\/h2>\t\t\t\t<\/div>\n\t\t\t\t<\/div>\n\t\t\t\t<\/div>\n\t\t\t\t\t<\/div>\n\t\t\t\t<\/div>\n\t\t<div class=\"elementor-element elementor-element-02cf48b jedv-enabled--yes e-flex e-con-boxed e-con e-parent\" data-id=\"02cf48b\" data-element_type=\"container\" data-e-type=\"container\" data-settings=\"{&quot;background_background&quot;:&quot;classic&quot;,&quot;jet_parallax_layout_list&quot;:[]}\">\n\t\t\t\t\t<div class=\"e-con-inner\">\n\t\t<div class=\"elementor-element elementor-element-3083e62 e-flex e-con-boxed e-con e-child\" data-id=\"3083e62\" data-element_type=\"container\" data-e-type=\"container\" data-settings=\"{&quot;jet_parallax_layout_list&quot;:[],&quot;background_background&quot;:&quot;classic&quot;}\">\n\t\t\t\t\t<div class=\"e-con-inner\">\n\t\t<div class=\"elementor-element elementor-element-2a37c03 e-con-full e-flex e-con e-child\" data-id=\"2a37c03\" data-element_type=\"container\" data-e-type=\"container\" data-settings=\"{&quot;jet_parallax_layout_list&quot;:[]}\">\n\t\t\t\t<div class=\"elementor-element elementor-element-1d48bc0 elementor-widget elementor-widget-heading\" data-id=\"1d48bc0\" data-element_type=\"widget\" data-e-type=\"widget\" data-widget_type=\"heading.default\">\n\t\t\t\t<div class=\"elementor-widget-container\">\n\t\t\t\t\t<h2 class=\"elementor-heading-title elementor-size-default\">You must be a member to view the content of this page. <\/h2>\t\t\t\t<\/div>\n\t\t\t\t<\/div>\n\t\t\t\t<div class=\"elementor-element elementor-element-423c64b button-light elementor-widget elementor-widget-button\" data-id=\"423c64b\" data-element_type=\"widget\" data-e-type=\"widget\" data-widget_type=\"button.default\">\n\t\t\t\t<div class=\"elementor-widget-container\">\n\t\t\t\t\t\t\t\t\t<div class=\"elementor-button-wrapper\">\n\t\t\t\t\t<a class=\"elementor-button elementor-button-link elementor-size-sm\" href=\"https:\/\/juslingua.ch\/en\/members-login\/\">\n\t\t\t\t\t\t<span class=\"elementor-button-content-wrapper\">\n\t\t\t\t\t\t\t\t\t<span class=\"elementor-button-text\">Members Login<\/span>\n\t\t\t\t\t<\/span>\n\t\t\t\t\t<\/a>\n\t\t\t\t<\/div>\n\t\t\t\t\t\t\t\t<\/div>\n\t\t\t\t<\/div>\n\t\t\t\t<\/div>\n\t\t\t\t\t<\/div>\n\t\t\t\t<\/div>\n\t\t\t\t\t<\/div>\n\t\t\t\t<\/div>\n\t\t<div class=\"elementor-element elementor-element-ac396e3 e-flex e-con-boxed e-con e-parent\" data-id=\"ac396e3\" data-element_type=\"container\" data-e-type=\"container\" data-settings=\"{&quot;jet_parallax_layout_list&quot;:[]}\">\n\t\t\t\t\t<div class=\"e-con-inner\">\n\t\t\t\t\t<\/div>\n\t\t\t\t<\/div>\n\t\t\t\t<\/div>\n\t\t","protected":false},"excerpt":{"rendered":"<p>Members area Welcome to the members area of juslingua.ch Changes to personal details Neue Angaben Vorname* Nachname* Telefonnummer* E-Mail* Adresse* Bemerkungen Important documents and links Dokumente Richtlinien f\u00fcr die Anfertigung von Urkunden\u00fcbersetzungen \u00dcbersicht Abk\u00fcrzungen Pr\u00e4sentation Weiterbildung Urkundenu\u0308bersetzungen vom 11. Oktober 2019 Corona and English language are everywhere &#8211; Lehrermaterialienmarkt &#8211; von Koisyn Schneider Links Apostille [&hellip;]<\/p>\n","protected":false},"author":3,"featured_media":0,"parent":0,"menu_order":0,"comment_status":"closed","ping_status":"closed","template":"","meta":{"iawp_total_views":3,"footnotes":""},"class_list":["post-2034","page","type-page","status-publish","hentry"],"_links":{"self":[{"href":"https:\/\/juslingua.ch\/en\/wp-json\/wp\/v2\/pages\/2034","targetHints":{"allow":["GET"]}}],"collection":[{"href":"https:\/\/juslingua.ch\/en\/wp-json\/wp\/v2\/pages"}],"about":[{"href":"https:\/\/juslingua.ch\/en\/wp-json\/wp\/v2\/types\/page"}],"author":[{"embeddable":true,"href":"https:\/\/juslingua.ch\/en\/wp-json\/wp\/v2\/users\/3"}],"replies":[{"embeddable":true,"href":"https:\/\/juslingua.ch\/en\/wp-json\/wp\/v2\/comments?post=2034"}],"version-history":[{"count":9,"href":"https:\/\/juslingua.ch\/en\/wp-json\/wp\/v2\/pages\/2034\/revisions"}],"predecessor-version":[{"id":3436,"href":"https:\/\/juslingua.ch\/en\/wp-json\/wp\/v2\/pages\/2034\/revisions\/3436"}],"wp:attachment":[{"href":"https:\/\/juslingua.ch\/en\/wp-json\/wp\/v2\/media?parent=2034"}],"curies":[{"name":"wp","href":"https:\/\/api.w.org\/{rel}","templated":true}]}}